{"id":16,"date":"2026-03-03T00:05:29","date_gmt":"2026-03-03T00:05:29","guid":{"rendered":"https:\/\/loftdesarrollos.es\/about\/"},"modified":"2026-04-21T16:00:20","modified_gmt":"2026-04-21T16:00:20","slug":"sobre-nosotros","status":"publish","type":"page","link":"https:\/\/loftdesarrollos.es\/en\/sobre-nosotros\/","title":{"rendered":"About Us"},"content":{"rendered":"<div data-elementor-type=\"wp-page\" data-elementor-id=\"16\" class=\"elementor elementor-16\">\n\t\t\t\t<div class=\"elementor-element elementor-element-5ef7019 e-flex e-con-boxed e-con e-parent\" data-id=\"5ef7019\" data-element_type=\"container\" data-e-type=\"container\" data-settings=\"{&quot;background_background&quot;:&quot;classic&quot;}\">\n\t\t\t\t\t<div class=\"e-con-inner\">\n\t\t\t\t<div class=\"elementor-element elementor-element-b0fc6f6 elementor-widget elementor-widget-heading\" data-id=\"b0fc6f6\" data-element_type=\"widget\" data-e-type=\"widget\" data-widget_type=\"heading.default\">\n\t\t\t\t<div class=\"elementor-widget-container\">\n\t\t\t\t\t<h1 class=\"elementor-heading-title elementor-size-default\">ABOUT US<\/h1>\t\t\t\t<\/div>\n\t\t\t\t<\/div>\n\t\t\t\t<div class=\"elementor-element elementor-element-a66152c elementor-widget elementor-widget-text-editor\" data-id=\"a66152c\" data-element_type=\"widget\" data-e-type=\"widget\" data-widget_type=\"text-editor.default\">\n\t\t\t\t<div class=\"elementor-widget-container\">\n\t\t\t\t\t\t\t\t\t<p>We restore homes with a strong architectural focus, carefully considering every detail of design <br class=\"desktop-only\" \/>and spatial quality.<\/p>\t\t\t\t\t\t\t\t<\/div>\n\t\t\t\t<\/div>\n\t\t\t\t\t<\/div>\n\t\t\t\t<\/div>\n\t\t<div class=\"elementor-element elementor-element-7419334 animated-slow e-flex e-con-boxed e-con e-parent\" data-id=\"7419334\" data-element_type=\"container\" data-e-type=\"container\" data-settings=\"{&quot;animation&quot;:&quot;none&quot;}\">\n\t\t\t\t\t<div class=\"e-con-inner\">\n\t\t<div class=\"elementor-element elementor-element-173c035 e-con-full elementor-hidden-mobile e-flex e-con e-child\" data-id=\"173c035\" data-element_type=\"container\" data-e-type=\"container\">\n\t\t\t\t<\/div>\n\t\t<div class=\"elementor-element elementor-element-f82005b e-con-full e-flex e-con e-child\" data-id=\"f82005b\" data-element_type=\"container\" data-e-type=\"container\">\n\t\t\t\t<div class=\"elementor-element elementor-element-32823ce animated-slow elementor-invisible elementor-widget elementor-widget-icon-box\" data-id=\"32823ce\" data-element_type=\"widget\" data-e-type=\"widget\" data-settings=\"{&quot;_animation&quot;:&quot;fadeInUp&quot;}\" data-widget_type=\"icon-box.default\">\n\t\t\t\t<div class=\"elementor-widget-container\">\n\t\t\t\t\t\t\t<div class=\"elementor-icon-box-wrapper\">\n\n\t\t\t\n\t\t\t\t\t\t<div class=\"elementor-icon-box-content\">\n\n\t\t\t\t\t\t\t\t\t<p class=\"elementor-icon-box-title\">\n\t\t\t\t\t\t<span  >\n\t\t\t\t\t\t\tOUR VISION\t\t\t\t\t\t<\/span>\n\t\t\t\t\t<\/p>\n\t\t\t\t\n\t\t\t\t\n\t\t\t<\/div>\n\t\t\t\n\t\t<\/div>\n\t\t\t\t\t\t<\/div>\n\t\t\t\t<\/div>\n\t\t\t\t<div class=\"elementor-element elementor-element-6915131 animated-slow elementor-invisible elementor-widget elementor-widget-heading\" data-id=\"6915131\" data-element_type=\"widget\" data-e-type=\"widget\" data-settings=\"{&quot;_animation&quot;:&quot;fadeInUp&quot;}\" data-widget_type=\"heading.default\">\n\t\t\t\t<div class=\"elementor-widget-container\">\n\t\t\t\t\t<h2 class=\"elementor-heading-title elementor-size-default\">ABOUT US<\/h2>\t\t\t\t<\/div>\n\t\t\t\t<\/div>\n\t\t\t\t<\/div>\n\t\t<div class=\"elementor-element elementor-element-5c04770 e-con-full elementor-hidden-mobile e-flex e-con e-child\" data-id=\"5c04770\" data-element_type=\"container\" data-e-type=\"container\">\n\t\t\t\t<\/div>\n\t\t\t\t\t<\/div>\n\t\t\t\t<\/div>\n\t\t<div class=\"elementor-element elementor-element-907eebe e-flex e-con-boxed e-con e-parent\" data-id=\"907eebe\" data-element_type=\"container\" data-e-type=\"container\">\n\t\t\t\t\t<div class=\"e-con-inner\">\n\t\t<div class=\"elementor-element elementor-element-0b7cbde e-con-full animated-slow e-flex elementor-invisible e-con e-child\" data-id=\"0b7cbde\" data-element_type=\"container\" data-e-type=\"container\" data-settings=\"{&quot;animation&quot;:&quot;fadeInRight&quot;}\">\n\t\t\t\t<div class=\"elementor-element elementor-element-0373e4c elementor-widget elementor-widget-image\" data-id=\"0373e4c\" data-element_type=\"widget\" data-e-type=\"widget\" data-widget_type=\"image.default\">\n\t\t\t\t<div class=\"elementor-widget-container\">\n\t\t\t\t\t\t\t\t\t\t\t\t\t\t\t<img fetchpriority=\"high\" decoding=\"async\" width=\"2560\" height=\"2034\" src=\"https:\/\/loftdesarrollos.es\/wp-content\/uploads\/2026\/03\/loft-desarrollos-rehabilitacion-viviendas-diseno-sobre-nosotros-2-scaled.jpg\" class=\"attachment-full size-full wp-image-4685\" alt=\"loft-desarrollos-rehabilitaci\u00f3n-viviendas-dise\u00f1o-sobre-nosotros-2\" srcset=\"https:\/\/loftdesarrollos.es\/wp-content\/uploads\/2026\/03\/loft-desarrollos-rehabilitacion-viviendas-diseno-sobre-nosotros-2-scaled.jpg 2560w, https:\/\/loftdesarrollos.es\/wp-content\/uploads\/2026\/03\/loft-desarrollos-rehabilitacion-viviendas-diseno-sobre-nosotros-2-300x238.jpg 300w, https:\/\/loftdesarrollos.es\/wp-content\/uploads\/2026\/03\/loft-desarrollos-rehabilitacion-viviendas-diseno-sobre-nosotros-2-1024x814.jpg 1024w, https:\/\/loftdesarrollos.es\/wp-content\/uploads\/2026\/03\/loft-desarrollos-rehabilitacion-viviendas-diseno-sobre-nosotros-2-768x610.jpg 768w, https:\/\/loftdesarrollos.es\/wp-content\/uploads\/2026\/03\/loft-desarrollos-rehabilitacion-viviendas-diseno-sobre-nosotros-2-1536x1221.jpg 1536w, https:\/\/loftdesarrollos.es\/wp-content\/uploads\/2026\/03\/loft-desarrollos-rehabilitacion-viviendas-diseno-sobre-nosotros-2-2048x1627.jpg 2048w\" sizes=\"(max-width: 2560px) 100vw, 2560px\" \/>\t\t\t\t\t\t\t\t\t\t\t\t\t\t\t<\/div>\n\t\t\t\t<\/div>\n\t\t\t\t<div class=\"elementor-element elementor-element-f3848c5 elementor-widget elementor-widget-image\" data-id=\"f3848c5\" data-element_type=\"widget\" data-e-type=\"widget\" data-widget_type=\"image.default\">\n\t\t\t\t<div class=\"elementor-widget-container\">\n\t\t\t\t\t\t\t\t\t\t\t\t\t\t\t<img decoding=\"async\" width=\"2560\" height=\"2418\" src=\"https:\/\/loftdesarrollos.es\/wp-content\/uploads\/2026\/03\/loft-desarrollos-rehabilitacion-viviendas-diseno-sobre-nosotros-scaled.jpg\" class=\"attachment-full size-full wp-image-4684\" alt=\"loft-desarrollos-rehabilitaci\u00f3n-viviendas-dise\u00f1o-sobre-nosotros\" srcset=\"https:\/\/loftdesarrollos.es\/wp-content\/uploads\/2026\/03\/loft-desarrollos-rehabilitacion-viviendas-diseno-sobre-nosotros-scaled.jpg 2560w, https:\/\/loftdesarrollos.es\/wp-content\/uploads\/2026\/03\/loft-desarrollos-rehabilitacion-viviendas-diseno-sobre-nosotros-300x283.jpg 300w, https:\/\/loftdesarrollos.es\/wp-content\/uploads\/2026\/03\/loft-desarrollos-rehabilitacion-viviendas-diseno-sobre-nosotros-1024x967.jpg 1024w, https:\/\/loftdesarrollos.es\/wp-content\/uploads\/2026\/03\/loft-desarrollos-rehabilitacion-viviendas-diseno-sobre-nosotros-768x725.jpg 768w, https:\/\/loftdesarrollos.es\/wp-content\/uploads\/2026\/03\/loft-desarrollos-rehabilitacion-viviendas-diseno-sobre-nosotros-1536x1451.jpg 1536w, https:\/\/loftdesarrollos.es\/wp-content\/uploads\/2026\/03\/loft-desarrollos-rehabilitacion-viviendas-diseno-sobre-nosotros-2048x1935.jpg 2048w\" sizes=\"(max-width: 2560px) 100vw, 2560px\" \/>\t\t\t\t\t\t\t\t\t\t\t\t\t\t\t<\/div>\n\t\t\t\t<\/div>\n\t\t\t\t<\/div>\n\t\t<div class=\"elementor-element elementor-element-a631947 e-con-full animated-slow e-flex elementor-invisible e-con e-child\" data-id=\"a631947\" data-element_type=\"container\" data-e-type=\"container\" data-settings=\"{&quot;animation&quot;:&quot;fadeInRight&quot;}\">\n\t\t\t\t<div class=\"elementor-element elementor-element-ea9797b elementor-widget elementor-widget-icon-box\" data-id=\"ea9797b\" data-element_type=\"widget\" data-e-type=\"widget\" data-widget_type=\"icon-box.default\">\n\t\t\t\t<div class=\"elementor-widget-container\">\n\t\t\t\t\t\t\t<div class=\"elementor-icon-box-wrapper\">\n\n\t\t\t\n\t\t\t\t\t\t<div class=\"elementor-icon-box-content\">\n\n\t\t\t\t\t\t\t\t\t<p class=\"elementor-icon-box-title\">\n\t\t\t\t\t\t<span  >\n\t\t\t\t\t\t\tQuality, reliability, and transparency\t\t\t\t\t\t<\/span>\n\t\t\t\t\t<\/p>\n\t\t\t\t\n\t\t\t\t\n\t\t\t<\/div>\n\t\t\t\n\t\t<\/div>\n\t\t\t\t\t\t<\/div>\n\t\t\t\t<\/div>\n\t\t\t\t<div class=\"elementor-element elementor-element-01d0197 elementor-widget elementor-widget-heading\" data-id=\"01d0197\" data-element_type=\"widget\" data-e-type=\"widget\" data-widget_type=\"heading.default\">\n\t\t\t\t<div class=\"elementor-widget-container\">\n\t\t\t\t\t<h3 class=\"elementor-heading-title elementor-size-default\">OUR WORK<\/h3>\t\t\t\t<\/div>\n\t\t\t\t<\/div>\n\t\t\t\t<div class=\"elementor-element elementor-element-d90accd elementor-widget elementor-widget-text-editor\" data-id=\"d90accd\" data-element_type=\"widget\" data-e-type=\"widget\" data-widget_type=\"text-editor.default\">\n\t\t\t\t<div class=\"elementor-widget-container\">\n\t\t\t\t\t\t\t\t\t<p>Loft Desarrollos was founded in 2022 by three friends with a shared passion for design, architecture, and the potential each property holds when approached with a clear vision. We believe that, with the right approach, spaces can be transformed and meaningful value can be created in every project.<\/p><p>We enjoy imagining how a space can evolve and turning those ideas into real projects.<\/p><p>Nos especializamos en encontrar viviendas con potencial y replantearlas desde cero: estudiamos cada detalle, analizamos c\u00f3mo mejorar su distribuci\u00f3n y dise\u00f1amos rehabilitaciones que permitan aprovechar al m\u00e1ximo el espacio, la luz y la funcionalidad.<\/p>\t\t\t\t\t\t\t\t<\/div>\n\t\t\t\t<\/div>\n\t\t\t\t<div class=\"elementor-element elementor-element-3c808f8 elementor-widget elementor-widget-text-editor\" data-id=\"3c808f8\" data-element_type=\"widget\" data-e-type=\"widget\" data-widget_type=\"text-editor.default\">\n\t\t\t\t<div class=\"elementor-widget-container\">\n\t\t\t\t\t\t\t\t\t<p>En cada proyecto buscamos algo muy concreto: convertir pisos en verdaderas viviendas. Para ello intentamos conservar siempre que es posible los elementos originales \u2014como molduras, suelos o detalles constructivos\u2014 que aportan car\u00e1cter y cuentan la historia de cada propiedad. Creemos que una buena rehabilitaci\u00f3n no consiste solo en renovar, sino en respetar la identidad del espacio y darle una nueva vida.<\/p><p>We work alongside trusted suppliers and skilled professionals who allow us to bring our ideas to life with high standards of quality. Each project is a collaborative process in which design, execution, and attention to detail are equally important.<\/p><p>We also see our work as a continuous learning process. We are constantly developing our expertise to incorporate new solutions, materials, and trends that allow us to improve with every project.<\/p><p>At Loft Desarrollos, we are driven by a simple idea: to create homes designed to be lived in\u2014where design, identity, and quality come together in every detail.<\/p><p>\u00a0<\/p>\t\t\t\t\t\t\t\t<\/div>\n\t\t\t\t<\/div>\n\t\t\t\t<div class=\"elementor-element elementor-element-ecf8ef7 elementor-widget elementor-widget-button\" data-id=\"ecf8ef7\" data-element_type=\"widget\" data-e-type=\"widget\" data-widget_type=\"button.default\">\n\t\t\t\t<div class=\"elementor-widget-container\">\n\t\t\t\t\t\t\t\t\t<div class=\"elementor-button-wrapper\">\n\t\t\t\t\t<a class=\"elementor-button elementor-button-link elementor-size-sm\" href=\"https:\/\/loftdesarrollos.es\/en\/contacto\/\">\n\t\t\t\t\t\t<span class=\"elementor-button-content-wrapper\">\n\t\t\t\t\t\t\t\t\t<span class=\"elementor-button-text\">GET IN TOUCH<\/span>\n\t\t\t\t\t<\/span>\n\t\t\t\t\t<\/a>\n\t\t\t\t<\/div>\n\t\t\t\t\t\t\t\t<\/div>\n\t\t\t\t<\/div>\n\t\t\t\t<\/div>\n\t\t\t\t\t<\/div>\n\t\t\t\t<\/div>\n\t\t<div class=\"elementor-element elementor-element-e3fdab8 animated-slow e-flex e-con-boxed e-con e-parent\" data-id=\"e3fdab8\" data-element_type=\"container\" data-e-type=\"container\" data-settings=\"{&quot;animation&quot;:&quot;none&quot;}\">\n\t\t\t\t\t<div class=\"e-con-inner\">\n\t\t<div class=\"elementor-element elementor-element-71f02eb e-con-full elementor-hidden-mobile e-flex e-con e-child\" data-id=\"71f02eb\" data-element_type=\"container\" data-e-type=\"container\">\n\t\t\t\t<\/div>\n\t\t<div class=\"elementor-element elementor-element-8a0db61 e-con-full e-flex e-con e-child\" data-id=\"8a0db61\" data-element_type=\"container\" data-e-type=\"container\">\n\t\t\t\t<div class=\"elementor-element elementor-element-959a006 animated-slow elementor-invisible elementor-widget elementor-widget-heading\" data-id=\"959a006\" data-element_type=\"widget\" data-e-type=\"widget\" data-settings=\"{&quot;_animation&quot;:&quot;fadeInUp&quot;}\" data-widget_type=\"heading.default\">\n\t\t\t\t<div class=\"elementor-widget-container\">\n\t\t\t\t\t<h2 class=\"elementor-heading-title elementor-size-default\">LOFT DESARROLLOS IN NUMBERS<\/h2>\t\t\t\t<\/div>\n\t\t\t\t<\/div>\n\t\t\t\t<\/div>\n\t\t<div class=\"elementor-element elementor-element-a64ac31 e-con-full elementor-hidden-mobile e-flex e-con e-child\" data-id=\"a64ac31\" data-element_type=\"container\" data-e-type=\"container\">\n\t\t\t\t<\/div>\n\t\t\t\t\t<\/div>\n\t\t\t\t<\/div>\n\t\t<div class=\"elementor-element elementor-element-dbf419e e-flex e-con-boxed e-con e-parent\" data-id=\"dbf419e\" data-element_type=\"container\" data-e-type=\"container\">\n\t\t\t\t\t<div class=\"e-con-inner\">\n\t\t<div class=\"elementor-element elementor-element-793acb7 e-con-full e-flex e-con e-child\" data-id=\"793acb7\" data-element_type=\"container\" data-e-type=\"container\">\n\t\t\t\t<div class=\"elementor-element elementor-element-9b4c0cc animated-slow elementor-invisible elementor-widget elementor-widget-counter\" data-id=\"9b4c0cc\" data-element_type=\"widget\" data-e-type=\"widget\" data-settings=\"{&quot;_animation&quot;:&quot;fadeInLeft&quot;}\" data-widget_type=\"counter.default\">\n\t\t\t\t<div class=\"elementor-widget-container\">\n\t\t\t\t\t\t\t<div class=\"elementor-counter\">\n\t\t\t<div class=\"elementor-counter-title\">Homes Transformed<\/div>\t\t\t<div class=\"elementor-counter-number-wrapper\">\n\t\t\t\t<span class=\"elementor-counter-number-prefix\">+<\/span>\n\t\t\t\t<span class=\"elementor-counter-number\" data-duration=\"2000\" data-to-value=\"40\" data-from-value=\"0\" data-delimiter=\",\">0<\/span>\n\t\t\t\t<span class=\"elementor-counter-number-suffix\"><\/span>\n\t\t\t<\/div>\n\t\t<\/div>\n\t\t\t\t\t\t<\/div>\n\t\t\t\t<\/div>\n\t\t\t\t<div class=\"elementor-element elementor-element-8df612c animated-slow elementor-invisible elementor-widget elementor-widget-counter\" data-id=\"8df612c\" data-element_type=\"widget\" data-e-type=\"widget\" data-settings=\"{&quot;_animation&quot;:&quot;fadeInUp&quot;}\" data-widget_type=\"counter.default\">\n\t\t\t\t<div class=\"elementor-widget-container\">\n\t\t\t\t\t\t\t<div class=\"elementor-counter\">\n\t\t\t<div class=\"elementor-counter-title\">Spaces Renovated<\/div>\t\t\t<div class=\"elementor-counter-number-wrapper\">\n\t\t\t\t<span class=\"elementor-counter-number-prefix\"><\/span>\n\t\t\t\t<span class=\"elementor-counter-number\" data-duration=\"2000\" data-to-value=\"4500\" data-from-value=\"0\" data-delimiter=\",\">0<\/span>\n\t\t\t\t<span class=\"elementor-counter-number-suffix\">sqm<\/span>\n\t\t\t<\/div>\n\t\t<\/div>\n\t\t\t\t\t\t<\/div>\n\t\t\t\t<\/div>\n\t\t\t\t<div class=\"elementor-element elementor-element-e954a87 animated-slow elementor-invisible elementor-widget elementor-widget-counter\" data-id=\"e954a87\" data-element_type=\"widget\" data-e-type=\"widget\" data-settings=\"{&quot;_animation&quot;:&quot;fadeInRight&quot;}\" data-widget_type=\"counter.default\">\n\t\t\t\t<div class=\"elementor-widget-container\">\n\t\t\t\t\t\t\t<div class=\"elementor-counter\">\n\t\t\t<div class=\"elementor-counter-title\">Years of Experience<br class=\"desktop-only\"> in Residential Renovation<\/div>\t\t\t<div class=\"elementor-counter-number-wrapper\">\n\t\t\t\t<span class=\"elementor-counter-number-prefix\">+<\/span>\n\t\t\t\t<span class=\"elementor-counter-number\" data-duration=\"2000\" data-to-value=\"10\" data-from-value=\"0\" data-delimiter=\",\">0<\/span>\n\t\t\t\t<span class=\"elementor-counter-number-suffix\">years<\/span>\n\t\t\t<\/div>\n\t\t<\/div>\n\t\t\t\t\t\t<\/div>\n\t\t\t\t<\/div>\n\t\t\t\t<\/div>\n\t\t\t\t\t<\/div>\n\t\t\t\t<\/div>\n\t\t<div class=\"elementor-element elementor-element-788fd6a e-flex e-con-boxed e-con e-parent\" data-id=\"788fd6a\" data-element_type=\"container\" data-e-type=\"container\" data-settings=\"{&quot;background_background&quot;:&quot;classic&quot;}\">\n\t\t\t\t\t<div class=\"e-con-inner\">\n\t\t\t\t<div class=\"elementor-element elementor-element-7af4419 animated-slow elementor-invisible elementor-widget elementor-widget-heading\" data-id=\"7af4419\" data-element_type=\"widget\" data-e-type=\"widget\" data-settings=\"{&quot;_animation&quot;:&quot;fadeInUp&quot;}\" data-widget_type=\"heading.default\">\n\t\t\t\t<div class=\"elementor-widget-container\">\n\t\t\t\t\t<h3 class=\"elementor-heading-title elementor-size-default\">BARCELONA &amp; MADRID<\/h3>\t\t\t\t<\/div>\n\t\t\t\t<\/div>\n\t\t\t\t<div class=\"elementor-element elementor-element-377d68c animated-slow elementor-invisible elementor-widget elementor-widget-text-editor\" data-id=\"377d68c\" data-element_type=\"widget\" data-e-type=\"widget\" data-settings=\"{&quot;_animation&quot;:&quot;fadeInUp&quot;}\" data-widget_type=\"text-editor.default\">\n\t\t\t\t<div class=\"elementor-widget-container\">\n\t\t\t\t\t\t\t\t\t<p>Projects in prime areas such as Eixample, Les Corts, and Ciutat Vella in Barcelona, and Chamber\u00ed, Castellana, and Retiro in Madrid.<\/p>\t\t\t\t\t\t\t\t<\/div>\n\t\t\t\t<\/div>\n\t\t\t\t\t<\/div>\n\t\t\t\t<\/div>\n\t\t<div class=\"elementor-element elementor-element-4bb5406 animated-slow e-flex e-con-boxed e-con e-parent\" data-id=\"4bb5406\" data-element_type=\"container\" data-e-type=\"container\" data-settings=\"{&quot;background_background&quot;:&quot;classic&quot;,&quot;animation&quot;:&quot;none&quot;}\">\n\t\t\t\t\t<div class=\"e-con-inner\">\n\t\t<div class=\"elementor-element elementor-element-324f5b6 e-con-full e-flex e-con e-child\" data-id=\"324f5b6\" data-element_type=\"container\" data-e-type=\"container\">\n\t\t\t\t<div class=\"elementor-element elementor-element-83c6d9b animated-slow elementor-invisible elementor-widget elementor-widget-text-editor\" data-id=\"83c6d9b\" data-element_type=\"widget\" data-e-type=\"widget\" data-settings=\"{&quot;_animation&quot;:&quot;fadeInUp&quot;}\" data-widget_type=\"text-editor.default\">\n\t\t\t\t<div class=\"elementor-widget-container\">\n\t\t\t\t\t\t\t\t\t<p>Our commitment is to create thoughtfully designed homes, where original architecture and contemporary design coexist in balance.<\/p>\t\t\t\t\t\t\t\t<\/div>\n\t\t\t\t<\/div>\n\t\t\t\t<div class=\"elementor-element elementor-element-8f3ba57 elementor-invisible elementor-widget elementor-widget-button\" data-id=\"8f3ba57\" data-element_type=\"widget\" data-e-type=\"widget\" data-settings=\"{&quot;_animation&quot;:&quot;fadeInUp&quot;}\" data-widget_type=\"button.default\">\n\t\t\t\t<div class=\"elementor-widget-container\">\n\t\t\t\t\t\t\t\t\t<div class=\"elementor-button-wrapper\">\n\t\t\t\t\t<a class=\"elementor-button elementor-button-link elementor-size-sm\" href=\"https:\/\/loftdesarrollos.es\/en\/contacto\/\">\n\t\t\t\t\t\t<span class=\"elementor-button-content-wrapper\">\n\t\t\t\t\t\t\t\t\t<span class=\"elementor-button-text\">CONTACT US<\/span>\n\t\t\t\t\t<\/span>\n\t\t\t\t\t<\/a>\n\t\t\t\t<\/div>\n\t\t\t\t\t\t\t\t<\/div>\n\t\t\t\t<\/div>\n\t\t\t\t<\/div>\n\t\t\t\t\t<\/div>\n\t\t\t\t<\/div>\n\t\t\t\t<\/div>","protected":false},"excerpt":{"rendered":"<p>SOBRE NOSOTROS Recuperamos viviendas con criterio arquitect\u00f3nico, cuidando cada detalle del dise\u00f1o y la calidad del espacio. NUESTRA VISI\u00d3N SOBRE [&hellip;]<\/p>\n","protected":false},"author":1,"featured_media":0,"parent":0,"menu_order":0,"comment_status":"closed","ping_status":"closed","template":"","meta":{"_uag_custom_page_level_css":"","site-sidebar-layout":"no-sidebar","site-content-layout":"","ast-site-content-layout":"full-width-container","site-content-style":"unboxed","site-sidebar-style":"unboxed","ast-global-header-display":"","ast-banner-title-visibility":"","ast-main-header-display":"","ast-hfb-above-header-display":"","ast-hfb-below-header-display":"","ast-hfb-mobile-header-display":"","site-post-title":"disabled","ast-breadcrumbs-content":"","ast-featured-img":"disabled","footer-sml-layout":"","ast-disable-related-posts":"","theme-transparent-header-meta":"enabled","adv-header-id-meta":"","stick-header-meta":"","header-above-stick-meta":"","header-main-stick-meta":"","header-below-stick-meta":"","astra-migrate-meta-layouts":"set","ast-page-background-enabled":"default","ast-page-background-meta":{"desktop":{"background-color":"var(--ast-global-color-4)","background-image":"","background-repeat":"repeat","background-position":"center center","background-size":"auto","background-attachment":"scroll","background-type":"","background-media":"","overlay-type":"","overlay-color":"","overlay-opacity":"","overlay-gradient":""},"tablet":{"background-color":"","background-image":"","background-repeat":"repeat","background-position":"center center","background-size":"auto","background-attachment":"scroll","background-type":"","background-media":"","overlay-type":"","overlay-color":"","overlay-opacity":"","overlay-gradient":""},"mobile":{"background-color":"","background-image":"","background-repeat":"repeat","background-position":"center center","background-size":"auto","background-attachment":"scroll","background-type":"","background-media":"","overlay-type":"","overlay-color":"","overlay-opacity":"","overlay-gradient":""}},"ast-content-background-meta":{"desktop":{"background-color":"var(--ast-global-color-5)","background-image":"","background-repeat":"repeat","background-position":"center center","background-size":"auto","background-attachment":"scroll","background-type":"","background-media":"","overlay-type":"","overlay-color":"","overlay-opacity":"","overlay-gradient":""},"tablet":{"background-color":"var(--ast-global-color-5)","background-image":"","background-repeat":"repeat","background-position":"center center","background-size":"auto","background-attachment":"scroll","background-type":"","background-media":"","overlay-type":"","overlay-color":"","overlay-opacity":"","overlay-gradient":""},"mobile":{"background-color":"var(--ast-global-color-5)","background-image":"","background-repeat":"repeat","background-position":"center center","background-size":"auto","background-attachment":"scroll","background-type":"","background-media":"","overlay-type":"","overlay-color":"","overlay-opacity":"","overlay-gradient":""}},"footnotes":""},"class_list":["post-16","page","type-page","status-publish","hentry"],"uagb_featured_image_src":{"full":false,"thumbnail":false,"medium":false,"medium_large":false,"large":false,"1536x1536":false,"2048x2048":false,"trp-custom-language-flag":false},"uagb_author_info":{"display_name":"Ad-LD","author_link":"https:\/\/loftdesarrollos.es\/en\/author\/doka-studio1gmail-com\/"},"uagb_comment_info":0,"uagb_excerpt":"SOBRE NOSOTROS Recuperamos viviendas con criterio arquitect\u00f3nico, cuidando cada detalle del dise\u00f1o y la calidad del espacio. NUESTRA VISI\u00d3N SOBRE [&hellip;]","_links":{"self":[{"href":"https:\/\/loftdesarrollos.es\/en\/wp-json\/wp\/v2\/pages\/16","targetHints":{"allow":["GET"]}}],"collection":[{"href":"https:\/\/loftdesarrollos.es\/en\/wp-json\/wp\/v2\/pages"}],"about":[{"href":"https:\/\/loftdesarrollos.es\/en\/wp-json\/wp\/v2\/types\/page"}],"author":[{"embeddable":true,"href":"https:\/\/loftdesarrollos.es\/en\/wp-json\/wp\/v2\/users\/1"}],"replies":[{"embeddable":true,"href":"https:\/\/loftdesarrollos.es\/en\/wp-json\/wp\/v2\/comments?post=16"}],"version-history":[{"count":182,"href":"https:\/\/loftdesarrollos.es\/en\/wp-json\/wp\/v2\/pages\/16\/revisions"}],"predecessor-version":[{"id":4766,"href":"https:\/\/loftdesarrollos.es\/en\/wp-json\/wp\/v2\/pages\/16\/revisions\/4766"}],"wp:attachment":[{"href":"https:\/\/loftdesarrollos.es\/en\/wp-json\/wp\/v2\/media?parent=16"}],"curies":[{"name":"wp","href":"https:\/\/api.w.org\/{rel}","templated":true}]}}